{"id":44066,"date":"2022-02-13T10:35:42","date_gmt":"2022-02-13T08:35:42","guid":{"rendered":"https:\/\/zennative.ee\/product\/full-spectrum-cbd-oil-500mg-5\/"},"modified":"2024-07-22T09:41:12","modified_gmt":"2024-07-22T07:41:12","slug":"full-spectrum-cbd-oil-500mg-5","status":"publish","type":"product","link":"https:\/\/zennative.ee\/en\/product\/full-spectrum-cbd-oil-500mg-5\/","title":{"rendered":"Full Spectrum CBD Oil &#8211; 500mg (5%)"},"content":{"rendered":"\t\t<div data-elementor-type=\"product-post\" data-elementor-id=\"44066\" class=\"elementor elementor-44066 elementor-41582\" data-elementor-post-type=\"product\">\n\t\t\t\t\t\t<section class=\"elementor-section elementor-top-section elementor-element elementor-element-4c104f4 elementor-section-boxed elementor-section-height-default elementor-section-height-default\" data-id=\"4c104f4\" data-element_type=\"section\" data-e-type=\"section\">\n\t\t\t\t\t\t<div class=\"elementor-container elementor-column-gap-wide\">\n\t\t\t\t\t<div class=\"elementor-column elementor-col-100 elementor-top-column elementor-element elementor-element-93cefb6\" data-id=\"93cefb6\" data-element_type=\"column\" data-e-type=\"column\">\n\t\t\t<div class=\"elementor-widget-wrap elementor-element-populated\">\n\t\t\t\t\t\t<div class=\"elementor-element elementor-element-6995fa3 elementor-widget elementor-widget-text-editor\" data-id=\"6995fa3\" data-element_type=\"widget\" data-e-type=\"widget\" data-widget_type=\"text-editor.default\">\n\t\t\t\t<div class=\"elementor-widget-container\">\n\t\t\t\t\t\t\t\t\t<p><strong>Zen Native Full spectrum CBD oil contains the full power of the cannabis plant. It includes all the necessary cannabinoids, including CBG, CBC, CBN, THC, and 500mg CBD.<\/strong><\/p>\n<p>This premium CBD oil also contains all the cannabis flavonoids and terpenes. Zen Native 5% Concentrated Full Spectrum CBD Oil is a brownish-green, pleasant-tasting cannabis oil that is well absorbed by the body because it is dissolved in fine coconut MCT oil.<\/p>\n<p>10ml, light-resistant recycled glass pipette bottle. At least 200 drops in a bottle.<\/p>\n<p><strong>Read more:<\/strong> Everything you need to know about CBD<\/p>\n\t\t\t\t\t\t\t\t<\/div>\n\t\t\t\t<\/div>\n\t\t\t\t<div class=\"elementor-element elementor-element-6d0b0ad elementor-widget elementor-widget-the7-accordion\" data-id=\"6d0b0ad\" data-element_type=\"widget\" data-e-type=\"widget\" data-widget_type=\"the7-accordion.default\">\n\t\t\t\t<div class=\"elementor-widget-container\">\n\t\t\t\t\t\t\t<div class=\"elementor-accordion the7-adv-accordion ac_bb_title ac_bb_active_title ac_top_bottom_borders ac_left_right_borders\" data-accordion-type=\"toggle\" role=\"tablist\">\n\t\t\t\t\t\t\t<div class=\"elementor-accordion-item\">\n\t\t\t\t\t<h3 id=\"elementor-tab-title-1141\" class=\"elementor-tab-title the7-accordion-header deactive-default\" data-tab=\"1\" role=\"tab\" aria-controls=\"elementor-tab-content-1141\">\n\n\t\t\t\t\t\t\t\t\t\t\t\t\t<span class=\"elementor-accordion-icon elementor-accordion-icon-left\" aria-hidden=\"true\">\n\t\t\t\t\t\t\t\t\t\t\t\t\t\t\t<span class=\"elementor-accordion-icon-closed\"><i class=\"fas fa-chevron-down\"><\/i><\/span>\n\t\t\t\t\t\t\t\t\t\t\t\t\t\t\t\t\t<span class=\"elementor-accordion-icon-opened\"><i class=\"fas fa-chevron-up\"><\/i><\/span>\n\t\t\t\t\t\t\t\t\t\t\t\t\t\t\t\t\t\t\t\t\t\t<\/span>\n\t\t\t\t\t\t\t\t\t\t\t\t\t\t\t\t\t\t<a class=\"elementor-accordion-title\" href=\"\">Idea<\/a>\n\t\t\t\t\t<\/h3>\n\t\t\t\t\t<div id=\"elementor-tab-content-1141\" class=\"elementor-tab-content elementor-clearfix deactive-default\" data-tab=\"1\" role=\"tabpanel\" aria-labelledby=\"elementor-tab-title-1141\"><p><strong>The idea behind the Full Spectrum CBD oil was to harness the full healing powers of the highest quality cannabis plants.<\/strong> We created it for people who appreciate the best quality and for whom Crystal CBD Oil did not give a sufficiently noticeable effect.<br \/>\n<em>Contains:<\/em> Full spectrum cannabis extract, MCT oil.<\/p>\n<\/div>\n\t\t\t\t<\/div>\n\t\t\t\t\t\t\t<div class=\"elementor-accordion-item\">\n\t\t\t\t\t<h3 id=\"elementor-tab-title-1142\" class=\"elementor-tab-title the7-accordion-header\" data-tab=\"2\" role=\"tab\" aria-controls=\"elementor-tab-content-1142\">\n\n\t\t\t\t\t\t\t\t\t\t\t\t\t<span class=\"elementor-accordion-icon elementor-accordion-icon-left\" aria-hidden=\"true\">\n\t\t\t\t\t\t\t\t\t\t\t\t\t\t\t<span class=\"elementor-accordion-icon-closed\"><i class=\"fas fa-chevron-down\"><\/i><\/span>\n\t\t\t\t\t\t\t\t\t\t\t\t\t\t\t\t\t<span class=\"elementor-accordion-icon-opened\"><i class=\"fas fa-chevron-up\"><\/i><\/span>\n\t\t\t\t\t\t\t\t\t\t\t\t\t\t\t\t\t\t\t\t\t\t<\/span>\n\t\t\t\t\t\t\t\t\t\t\t\t\t\t\t\t\t\t<a class=\"elementor-accordion-title\" href=\"\">Internal Use<\/a>\n\t\t\t\t\t<\/h3>\n\t\t\t\t\t<div id=\"elementor-tab-content-1142\" class=\"elementor-tab-content elementor-clearfix\" data-tab=\"2\" role=\"tabpanel\" aria-labelledby=\"elementor-tab-title-1142\"><p>This oil has all the beneficial properties of CBD, including:<\/p>\n<ul>\n<li><strong>Soothes<\/strong> the nervous system, muscle tension, and anxiety<\/li>\n<li><strong>Aids to falling asleep<\/strong> and staying asleep<\/li>\n<li><strong>Lowers stress hormone levels and inflammation<\/strong><\/li>\n<\/ul>\n<p>75kg per person = 30 drops under the tongue.<\/p>\n<p>One drop contains 2.5 mg of CBD. 1mg per CBD = 1kg.<\/p>\n<p><strong>Read more:<\/strong> Everything you need to know about CBD<\/p>\n<\/div>\n\t\t\t\t<\/div>\n\t\t\t\t\t\t\t<div class=\"elementor-accordion-item\">\n\t\t\t\t\t<h3 id=\"elementor-tab-title-1143\" class=\"elementor-tab-title the7-accordion-header\" data-tab=\"3\" role=\"tab\" aria-controls=\"elementor-tab-content-1143\">\n\n\t\t\t\t\t\t\t\t\t\t\t\t\t<span class=\"elementor-accordion-icon elementor-accordion-icon-left\" aria-hidden=\"true\">\n\t\t\t\t\t\t\t\t\t\t\t\t\t\t\t<span class=\"elementor-accordion-icon-closed\"><i class=\"fas fa-chevron-down\"><\/i><\/span>\n\t\t\t\t\t\t\t\t\t\t\t\t\t\t\t\t\t<span class=\"elementor-accordion-icon-opened\"><i class=\"fas fa-chevron-up\"><\/i><\/span>\n\t\t\t\t\t\t\t\t\t\t\t\t\t\t\t\t\t\t\t\t\t\t<\/span>\n\t\t\t\t\t\t\t\t\t\t\t\t\t\t\t\t\t\t<a class=\"elementor-accordion-title\" href=\"\">External Use<\/a>\n\t\t\t\t\t<\/h3>\n\t\t\t\t\t<div id=\"elementor-tab-content-1143\" class=\"elementor-tab-content elementor-clearfix\" data-tab=\"3\" role=\"tabpanel\" aria-labelledby=\"elementor-tab-title-1143\"><p>Gently pat 1-3 drops on palm-sized clean skin. Avoid contact with eyes.<\/p>\n<ul>\n<li>Quickly soothes inflamed skin.<\/li>\n<li>Moisturizes for a long time and is also suitable for oily skin<\/li>\n<li>Increases natural collagen productivity<\/li>\n<li>Successfully combats skin problems such as eczema and acne<\/li>\n<li>Soothes sore muscles and joints<\/li>\n<\/ul>\n<p><strong>External Use<\/strong><br \/>\n<strong>5%<\/strong> = For prevention and general skincare<br \/>\n<strong>15%<\/strong> = For additional care of inflamed, problematic skin or acne<br \/>\n<strong>30%<\/strong> = For relieving the symptoms and treating skin diseases<\/p>\n<p><strong>Read more:<\/strong> Everything you need to know about CBD<\/p>\n<\/div>\n\t\t\t\t<\/div>\n\t\t\t\t\t\t\t<div class=\"elementor-accordion-item\">\n\t\t\t\t\t<h3 id=\"elementor-tab-title-1144\" class=\"elementor-tab-title the7-accordion-header\" data-tab=\"4\" role=\"tab\" aria-controls=\"elementor-tab-content-1144\">\n\n\t\t\t\t\t\t\t\t\t\t\t\t\t<span class=\"elementor-accordion-icon elementor-accordion-icon-left\" aria-hidden=\"true\">\n\t\t\t\t\t\t\t\t\t\t\t\t\t\t\t<span class=\"elementor-accordion-icon-closed\"><i class=\"fas fa-chevron-down\"><\/i><\/span>\n\t\t\t\t\t\t\t\t\t\t\t\t\t\t\t\t\t<span class=\"elementor-accordion-icon-opened\"><i class=\"fas fa-chevron-up\"><\/i><\/span>\n\t\t\t\t\t\t\t\t\t\t\t\t\t\t\t\t\t\t\t\t\t\t<\/span>\n\t\t\t\t\t\t\t\t\t\t\t\t\t\t\t\t\t\t<a class=\"elementor-accordion-title\" href=\"\">Added value<\/a>\n\t\t\t\t\t<\/h3>\n\t\t\t\t\t<div id=\"elementor-tab-content-1144\" class=\"elementor-tab-content elementor-clearfix\" data-tab=\"4\" role=\"tabpanel\" aria-labelledby=\"elementor-tab-title-1144\"><ul>\n<li>Tested by the Estonian Forensic Science Institute PDF<\/li>\n<li>100% natural origin<\/li>\n<li>Light-repellent recycled glass bottle<\/li>\n<li>Palm oil-free, GMO-free, and vegan<\/li>\n<li>Made in Estonia with love<\/li>\n<\/ul>\n<\/div>\n\t\t\t\t<\/div>\n\t\t\t\t\t\t\t<div class=\"elementor-accordion-item\">\n\t\t\t\t\t<h3 id=\"elementor-tab-title-1145\" class=\"elementor-tab-title the7-accordion-header\" data-tab=\"5\" role=\"tab\" aria-controls=\"elementor-tab-content-1145\">\n\n\t\t\t\t\t\t\t\t\t\t\t\t\t<span class=\"elementor-accordion-icon elementor-accordion-icon-left\" aria-hidden=\"true\">\n\t\t\t\t\t\t\t\t\t\t\t\t\t\t\t<span class=\"elementor-accordion-icon-closed\"><i class=\"fas fa-chevron-down\"><\/i><\/span>\n\t\t\t\t\t\t\t\t\t\t\t\t\t\t\t\t\t<span class=\"elementor-accordion-icon-opened\"><i class=\"fas fa-chevron-up\"><\/i><\/span>\n\t\t\t\t\t\t\t\t\t\t\t\t\t\t\t\t\t\t\t\t\t\t<\/span>\n\t\t\t\t\t\t\t\t\t\t\t\t\t\t\t\t\t\t<a class=\"elementor-accordion-title\" href=\"\">Manufacturing<\/a>\n\t\t\t\t\t<\/h3>\n\t\t\t\t\t<div id=\"elementor-tab-content-1145\" class=\"elementor-tab-content elementor-clearfix\" data-tab=\"5\" role=\"tabpanel\" aria-labelledby=\"elementor-tab-title-1145\"><p>An extract from the highest quality cannabis plants is extracted using the supercritical CO2 method and diluted with coconut MCT oil.<\/p>\n<p>As the THC level in the mass extracted from a quality plant exceeds the EU limit of 0.3%, we moved this part of the process to Switzerland, where 1% THC is allowed. The oil we sell contains THC &lt;0.3%.<\/p>\n<p>We use this method to avoid the disadvantages of classical methods such as thermal decomposition, hydrolysis, and solvent residues.<\/p>\n<p>By choosing Zen Native, you can be sure that you are using the best CBD on the market.<\/p>\n<\/div>\n\t\t\t\t<\/div>\n\t\t\t\t\t\t\t<div class=\"elementor-accordion-item\">\n\t\t\t\t\t<h3 id=\"elementor-tab-title-1146\" class=\"elementor-tab-title the7-accordion-header\" data-tab=\"6\" role=\"tab\" aria-controls=\"elementor-tab-content-1146\">\n\n\t\t\t\t\t\t\t\t\t\t\t\t\t<span class=\"elementor-accordion-icon elementor-accordion-icon-left\" aria-hidden=\"true\">\n\t\t\t\t\t\t\t\t\t\t\t\t\t\t\t<span class=\"elementor-accordion-icon-closed\"><i class=\"fas fa-chevron-down\"><\/i><\/span>\n\t\t\t\t\t\t\t\t\t\t\t\t\t\t\t\t\t<span class=\"elementor-accordion-icon-opened\"><i class=\"fas fa-chevron-up\"><\/i><\/span>\n\t\t\t\t\t\t\t\t\t\t\t\t\t\t\t\t\t\t\t\t\t\t<\/span>\n\t\t\t\t\t\t\t\t\t\t\t\t\t\t\t\t\t\t<a class=\"elementor-accordion-title\" href=\"\">Storage<\/a>\n\t\t\t\t\t<\/h3>\n\t\t\t\t\t<div id=\"elementor-tab-content-1146\" class=\"elementor-tab-content elementor-clearfix\" data-tab=\"6\" role=\"tabpanel\" aria-labelledby=\"elementor-tab-title-1146\"><ul>\n<li>Avoid direct sunlight and store at room temperature<\/li>\n<li>Avoid touching the mouth or skin with the pipette<\/li>\n<\/ul>\n<\/div>\n\t\t\t\t<\/div>\n\t\t\t\t\t<\/div>\n\t\t\t\t\t\t<\/div>\n\t\t\t\t<\/div>\n\t\t\t\t\t<\/div>\n\t\t<\/div>\n\t\t\t\t\t<\/div>\n\t\t<\/section>\n\t\t\t\t<section class=\"elementor-section elementor-top-section elementor-element elementor-element-4aa086c elementor-section-boxed elementor-section-height-default elementor-section-height-default\" data-id=\"4aa086c\" data-element_type=\"section\" data-e-type=\"section\">\n\t\t\t\t\t\t<div class=\"elementor-container elementor-column-gap-default\">\n\t\t\t\t\t<div class=\"elementor-column elementor-col-100 elementor-top-column elementor-element elementor-element-397a537\" data-id=\"397a537\" data-element_type=\"column\" data-e-type=\"column\">\n\t\t\t<div class=\"elementor-widget-wrap elementor-element-populated\">\n\t\t\t\t\t\t<div class=\"elementor-element elementor-element-08122ab elementor-widget elementor-widget-shortcode\" data-id=\"08122ab\" data-element_type=\"widget\" data-e-type=\"widget\" data-widget_type=\"shortcode.default\">\n\t\t\t\t<div class=\"elementor-widget-container\">\n\t\t\t\t\t\t\t<div class=\"elementor-shortcode\"><p> <script type=\"application\/ld+json\">\r\n    {\r\n      \"@context\": \"https:\/\/lt.zennative.ee\/\u201c,\r\n      \"@type\": \"Product\",\r\n      \"name\": \u201cFull \u201cSpectrum CBD oil,\r\n      \"image\": [\r\n        \"https:\/\/lt.zennative.ee\/wp-content\/uploads\/2021\/10\/Zen-Native-5-Full-Spectrum-CBD-Oil-Taisspektri-CBD-kanepi-oli_1.png\",\r\n        \"https:\/\/lt.zennative.ee\/wp-content\/uploads\/2021\/10\/Zen-Native-Pipett-Full-Spectrum-CBD-Oil-Taisspektri-CBD-kanepi-oli.png\",\r\n        \"https:\/\/lt.zennative.ee\/wp-content\/uploads\/2021\/10\/Zen-Native-5-Full-Spectrum-CBD-Oil-Taisspektri-CBD-kanepi-oli_3.png\"\r\n       ],\r\n      \"description\": \"Full Spectrum CBD \u00f5li annab tugevama ja laiema abi kui CBD Kristall \u00d5li ning selle toime on tuntav. Full Spectrum CBD \u00f5li rahustab viha, \u00e4revuse, ebakindluse ja v\u00e4hendab hirmu. F\u00fc\u00fcsiliselt v\u00e4hendab p\u00f5letikku, pingeid ja v\u00e4hki. Full Spectrum CBD \u00f5li sisaldab: k\u00f5iki kannabinoide (CBD, CBG, CBC, CBN...), terpeene ja flavanoide. Kvaliteetseimad ekstraktid on eranditult lahustatud kookose MCT \u00f5lis.\",\r\n      \"sku\": \"0446310786\",\r\n      \"brand\": {\r\n        \"@type\": \"Brand\",\r\n        \"name\": \u201cZen \u201cNative\r\n      },\r\n         \"aggregateRating\": {\r\n        \"@type\": \"AggregateRating\",\r\n        \"ratingValue\": \u201c5\u201d,\r\n        \"reviewCount\": \"89\"\r\n      },\r\n      \"offers\": {\r\n        \"@type\": \"Offer\",\r\n        \"url\": \"\t\",\r\n        \"priceCurrency\": \u201cEUR\u201d,\r\n        \"price\": \"129.99\",\r\n        \"priceValidUntil\": \"2022-11-20\",\r\n      }\r\n    }\r\n    <\/script><\/p>\r\n<\/div>\n\t\t\t\t\t\t<\/div>\n\t\t\t\t<\/div>\n\t\t\t\t\t<\/div>\n\t\t<\/div>\n\t\t\t\t\t<\/div>\n\t\t<\/section>\n\t\t\t\t<\/div>\n\t\t","protected":false},"excerpt":{"rendered":"<p><strong>Zen Native Full spectrum CBD oil contains the full power of the cannabis plant. It includes all the necessary cannabinoids, including CBG, CBC, CBN, THC, and 500mg CBD.\u00a0<\/strong>This premium CBD oil also contains all the cannabis flavonoids and terpenes. Zen Native 5% Concentrated Full Spectrum CBD Oil is a brownish-green, pleasant-tasting cannabis oil that is well absorbed by the body because it is dissolved in fine coconut MCT oil.<\/p>\n<p>10ml, light-resistant recycled glass pipette bottle. At least 200 drops in a bottle.<\/p>\n","protected":false},"featured_media":43890,"comment_status":"closed","ping_status":"closed","template":"","meta":[],"product_brand":[],"product_cat":[596],"product_tag":[599,583,601,597,598,602,600],"class_list":{"0":"post-44066","1":"product","2":"type-product","3":"status-publish","4":"has-post-thumbnail","6":"product_cat-cbd-oils","7":"product_tag-cannabis-terpenes-and-flavonoids","8":"product_tag-cbd-2","9":"product_tag-cbd-cannabis-oil","10":"product_tag-full-spectrum-2","11":"product_tag-full-spectrum-3","12":"product_tag-healthy-oil","13":"product_tag-mct-2","15":"first","16":"instock","17":"shipping-taxable","18":"purchasable","19":"product-type-simple"},"_links":{"self":[{"href":"https:\/\/zennative.ee\/en\/wp-json\/wp\/v2\/product\/44066","targetHints":{"allow":["GET"]}}],"collection":[{"href":"https:\/\/zennative.ee\/en\/wp-json\/wp\/v2\/product"}],"about":[{"href":"https:\/\/zennative.ee\/en\/wp-json\/wp\/v2\/types\/product"}],"replies":[{"embeddable":true,"href":"https:\/\/zennative.ee\/en\/wp-json\/wp\/v2\/comments?post=44066"}],"version-history":[{"count":10,"href":"https:\/\/zennative.ee\/en\/wp-json\/wp\/v2\/product\/44066\/revisions"}],"predecessor-version":[{"id":52673,"href":"https:\/\/zennative.ee\/en\/wp-json\/wp\/v2\/product\/44066\/revisions\/52673"}],"wp:featuredmedia":[{"embeddable":true,"href":"https:\/\/zennative.ee\/en\/wp-json\/wp\/v2\/media\/43890"}],"wp:attachment":[{"href":"https:\/\/zennative.ee\/en\/wp-json\/wp\/v2\/media?parent=44066"}],"wp:term":[{"taxonomy":"product_brand","embeddable":true,"href":"https:\/\/zennative.ee\/en\/wp-json\/wp\/v2\/product_brand?post=44066"},{"taxonomy":"product_cat","embeddable":true,"href":"https:\/\/zennative.ee\/en\/wp-json\/wp\/v2\/product_cat?post=44066"},{"taxonomy":"product_tag","embeddable":true,"href":"https:\/\/zennative.ee\/en\/wp-json\/wp\/v2\/product_tag?post=44066"}],"curies":[{"name":"wp","href":"https:\/\/api.w.org\/{rel}","templated":true}]}}