{"id":55547,"date":"2025-02-12T19:00:36","date_gmt":"2025-02-15T15:08:05","guid":{"rendered":"https:\/\/zennative.ee\/?post_type=product&#038;p=55547"},"modified":"2025-02-15T17:14:02","modified_gmt":"2025-02-15T15:14:02","slug":"vitamin-capsules-4200mg-cbd-60pcs","status":"publish","type":"product","link":"https:\/\/zennative.ee\/en\/product\/vitamin-capsules-4200mg-cbd-60pcs\/","title":{"rendered":"Vitamin+ Capsules 4200mg CBD (60pcs)"},"content":{"rendered":"\t\t<div data-elementor-type=\"product-post\" data-elementor-id=\"55547\" class=\"elementor elementor-55547 elementor-55546\" data-elementor-post-type=\"product\">\n\t\t\t\t\t\t<section class=\"elementor-section elementor-top-section elementor-element elementor-element-4c104f4 elementor-section-boxed elementor-section-height-default elementor-section-height-default\" data-id=\"4c104f4\" data-element_type=\"section\" data-e-type=\"section\">\n\t\t\t\t\t\t<div class=\"elementor-container elementor-column-gap-wide\">\n\t\t\t\t\t<div class=\"elementor-column elementor-col-100 elementor-top-column elementor-element elementor-element-93cefb6\" data-id=\"93cefb6\" data-element_type=\"column\" data-e-type=\"column\">\n\t\t\t<div class=\"elementor-widget-wrap elementor-element-populated\">\n\t\t\t\t\t\t<div class=\"elementor-element elementor-element-6995fa3 elementor-widget elementor-widget-text-editor\" data-id=\"6995fa3\" data-element_type=\"widget\" data-e-type=\"widget\" data-widget_type=\"text-editor.default\">\n\t\t\t\t<div class=\"elementor-widget-container\">\n\t\t\t\t\t\t\t\t\t<p><strong>Zen Native Vitamin+ CBD capsules are designed for morning use, providing all the fat-soluble vitamins and CBD you need for the day in one capsule.<\/strong><\/p>\n<p> Support your heart, bones and immunity! These capsules help maintain heart and blood vessel health, strengthen the immune system and maintain bone strength. They also support vision, provide energy and reduce stress. A first-class and powerful combination for the well-being of the Nordic person.<\/p><\/p>\n\t\t\t\t\t\t\t\t<\/div>\n\t\t\t\t<\/div>\n\t\t\t\t\t<\/div>\n\t\t<\/div>\n\t\t\t\t\t<\/div>\n\t\t<\/section>\n\t\t\t\t<section class=\"elementor-section elementor-top-section elementor-element elementor-element-4aa086c elementor-section-boxed elementor-section-height-default elementor-section-height-default\" data-id=\"4aa086c\" data-element_type=\"section\" data-e-type=\"section\">\n\t\t\t\t\t\t<div class=\"elementor-container elementor-column-gap-default\">\n\t\t\t\t\t<div class=\"elementor-column elementor-col-100 elementor-top-column elementor-element elementor-element-397a537\" data-id=\"397a537\" data-element_type=\"column\" data-e-type=\"column\">\n\t\t\t<div class=\"elementor-widget-wrap elementor-element-populated\">\n\t\t\t\t\t\t<div class=\"elementor-element elementor-element-2f08d37 elementor-widget elementor-widget-the7-accordion\" data-id=\"2f08d37\" data-element_type=\"widget\" data-e-type=\"widget\" data-widget_type=\"the7-accordion.default\">\n\t\t\t\t<div class=\"elementor-widget-container\">\n\t\t\t\t\t\t\t<div class=\"elementor-accordion the7-adv-accordion ac_bb_title ac_bb_active_title ac_top_bottom_borders ac_left_right_borders\" data-accordion-type=\"toggle\" role=\"tablist\">\n\t\t\t\t\t\t\t<div class=\"elementor-accordion-item\">\n\t\t\t\t\t<h3 id=\"elementor-tab-title-4931\" class=\"elementor-tab-title the7-accordion-header deactive-default\" data-tab=\"1\" role=\"tab\" aria-controls=\"elementor-tab-content-4931\">\n\n\t\t\t\t\t\t\t\t\t\t\t\t\t<span class=\"elementor-accordion-icon elementor-accordion-icon-left\" aria-hidden=\"true\">\n\t\t\t\t\t\t\t\t\t\t\t\t\t\t\t<span class=\"elementor-accordion-icon-closed\"><i class=\"fas fa-chevron-down\"><\/i><\/span>\n\t\t\t\t\t\t\t\t\t\t\t\t\t\t\t\t\t<span class=\"elementor-accordion-icon-opened\"><i class=\"fas fa-chevron-up\"><\/i><\/span>\n\t\t\t\t\t\t\t\t\t\t\t\t\t\t\t\t\t\t\t\t\t\t<\/span>\n\t\t\t\t\t\t\t\t\t\t\t\t\t\t\t\t\t\t<a class=\"elementor-accordion-title\" href=\"\">Idea<\/a>\n\t\t\t\t\t<\/h3>\n\t\t\t\t\t<div id=\"elementor-tab-content-4931\" class=\"elementor-tab-content elementor-clearfix deactive-default\" data-tab=\"1\" role=\"tabpanel\" aria-labelledby=\"elementor-tab-title-4931\"><p><b>The idea was to put all the fat-soluble nutrients and CBD that a Nordic person needs on a daily basis into one capsule.<\/b> One capsule of top-notch vitamins and CBD a day is a convenient way to start the day well-oiled: with good energy and a calm mind.<\/p>\n<\/div>\n\t\t\t\t<\/div>\n\t\t\t\t\t\t\t<div class=\"elementor-accordion-item\">\n\t\t\t\t\t<h3 id=\"elementor-tab-title-4932\" class=\"elementor-tab-title the7-accordion-header\" data-tab=\"2\" role=\"tab\" aria-controls=\"elementor-tab-content-4932\">\n\n\t\t\t\t\t\t\t\t\t\t\t\t\t<span class=\"elementor-accordion-icon elementor-accordion-icon-left\" aria-hidden=\"true\">\n\t\t\t\t\t\t\t\t\t\t\t\t\t\t\t<span class=\"elementor-accordion-icon-closed\"><i class=\"fas fa-chevron-down\"><\/i><\/span>\n\t\t\t\t\t\t\t\t\t\t\t\t\t\t\t\t\t<span class=\"elementor-accordion-icon-opened\"><i class=\"fas fa-chevron-up\"><\/i><\/span>\n\t\t\t\t\t\t\t\t\t\t\t\t\t\t\t\t\t\t\t\t\t\t<\/span>\n\t\t\t\t\t\t\t\t\t\t\t\t\t\t\t\t\t\t<a class=\"elementor-accordion-title\" href=\"\">Contents<\/a>\n\t\t\t\t\t<\/h3>\n\t\t\t\t\t<div id=\"elementor-tab-content-4932\" class=\"elementor-tab-content elementor-clearfix\" data-tab=\"2\" role=\"tabpanel\" aria-labelledby=\"elementor-tab-title-4932\"><ul>\n<li>Vitamin D3 (cholecalciferol) \u2026 20\u00b5g<\/li>\n<li> Vitamin E (DL-alpha-tocopherol) \u2026 270mg<\/li>\n<li> Vitamin K2 MK7 (menaquinone-7) \u2026 120\u00b5g<\/li>\n<li> Vitamin A (retinyl palmitate) \u2026 310\u00b5g<\/li>\n<li> CBD (cannabidiol isolate) \u2026 70mg<\/li>\n<li> MCT (medium chain triglycerides) \u2026 95mg<\/li>\n<li> Energy \u2026 2.58cal<\/li>\n<li> Fat \u2026 0.1g<\/li>\n<li> Capsule (Gelatine, vegetable glycerine) &#8230; 0.3g<\/li>\n<\/ul>\n<\/div>\n\t\t\t\t<\/div>\n\t\t\t\t\t\t\t<div class=\"elementor-accordion-item\">\n\t\t\t\t\t<h3 id=\"elementor-tab-title-4933\" class=\"elementor-tab-title the7-accordion-header\" data-tab=\"3\" role=\"tab\" aria-controls=\"elementor-tab-content-4933\">\n\n\t\t\t\t\t\t\t\t\t\t\t\t\t<span class=\"elementor-accordion-icon elementor-accordion-icon-left\" aria-hidden=\"true\">\n\t\t\t\t\t\t\t\t\t\t\t\t\t\t\t<span class=\"elementor-accordion-icon-closed\"><i class=\"fas fa-chevron-down\"><\/i><\/span>\n\t\t\t\t\t\t\t\t\t\t\t\t\t\t\t\t\t<span class=\"elementor-accordion-icon-opened\"><i class=\"fas fa-chevron-up\"><\/i><\/span>\n\t\t\t\t\t\t\t\t\t\t\t\t\t\t\t\t\t\t\t\t\t\t<\/span>\n\t\t\t\t\t\t\t\t\t\t\t\t\t\t\t\t\t\t<a class=\"elementor-accordion-title\" href=\"\">Administration<\/a>\n\t\t\t\t\t<\/h3>\n\t\t\t\t\t<div id=\"elementor-tab-content-4933\" class=\"elementor-tab-content elementor-clearfix\" data-tab=\"3\" role=\"tabpanel\" aria-labelledby=\"elementor-tab-title-4933\"><p>1 capsule daily with food and water. Preferably in the morning.<\/p>\n<\/div>\n\t\t\t\t<\/div>\n\t\t\t\t\t\t\t<div class=\"elementor-accordion-item\">\n\t\t\t\t\t<h3 id=\"elementor-tab-title-4934\" class=\"elementor-tab-title the7-accordion-header\" data-tab=\"4\" role=\"tab\" aria-controls=\"elementor-tab-content-4934\">\n\n\t\t\t\t\t\t\t\t\t\t\t\t\t<span class=\"elementor-accordion-icon elementor-accordion-icon-left\" aria-hidden=\"true\">\n\t\t\t\t\t\t\t\t\t\t\t\t\t\t\t<span class=\"elementor-accordion-icon-closed\"><i class=\"fas fa-chevron-down\"><\/i><\/span>\n\t\t\t\t\t\t\t\t\t\t\t\t\t\t\t\t\t<span class=\"elementor-accordion-icon-opened\"><i class=\"fas fa-chevron-up\"><\/i><\/span>\n\t\t\t\t\t\t\t\t\t\t\t\t\t\t\t\t\t\t\t\t\t\t<\/span>\n\t\t\t\t\t\t\t\t\t\t\t\t\t\t\t\t\t\t<a class=\"elementor-accordion-title\" href=\"\">Warnings<\/a>\n\t\t\t\t\t<\/h3>\n\t\t\t\t\t<div id=\"elementor-tab-content-4934\" class=\"elementor-tab-content elementor-clearfix\" data-tab=\"4\" role=\"tabpanel\" aria-labelledby=\"elementor-tab-title-4934\"><p>Not recommended for minors.<\/p>\n<p> Use during pregnancy is not recommended.<\/p>\n<p> Do not exceed the recommended daily intake.<\/p>\n<p> The dietary supplement is not used as a substitute for a varied diet.<\/p>\n<p> Keep out of reach of children.<\/p>\n<\/div>\n\t\t\t\t<\/div>\n\t\t\t\t\t\t\t<div class=\"elementor-accordion-item\">\n\t\t\t\t\t<h3 id=\"elementor-tab-title-4935\" class=\"elementor-tab-title the7-accordion-header\" data-tab=\"5\" role=\"tab\" aria-controls=\"elementor-tab-content-4935\">\n\n\t\t\t\t\t\t\t\t\t\t\t\t\t<span class=\"elementor-accordion-icon elementor-accordion-icon-left\" aria-hidden=\"true\">\n\t\t\t\t\t\t\t\t\t\t\t\t\t\t\t<span class=\"elementor-accordion-icon-closed\"><i class=\"fas fa-chevron-down\"><\/i><\/span>\n\t\t\t\t\t\t\t\t\t\t\t\t\t\t\t\t\t<span class=\"elementor-accordion-icon-opened\"><i class=\"fas fa-chevron-up\"><\/i><\/span>\n\t\t\t\t\t\t\t\t\t\t\t\t\t\t\t\t\t\t\t\t\t\t<\/span>\n\t\t\t\t\t\t\t\t\t\t\t\t\t\t\t\t\t\t<a class=\"elementor-accordion-title\" href=\"\">Preparation<\/a>\n\t\t\t\t\t<\/h3>\n\t\t\t\t\t<div id=\"elementor-tab-content-4935\" class=\"elementor-tab-content elementor-clearfix\" data-tab=\"5\" role=\"tabpanel\" aria-labelledby=\"elementor-tab-title-4935\"><p>The capsules are manufactured by order of Zen Native in a European laboratory. Packaged in Estonia.<\/p>\n<\/div>\n\t\t\t\t<\/div>\n\t\t\t\t\t\t\t<div class=\"elementor-accordion-item\">\n\t\t\t\t\t<h3 id=\"elementor-tab-title-4936\" class=\"elementor-tab-title the7-accordion-header\" data-tab=\"6\" role=\"tab\" aria-controls=\"elementor-tab-content-4936\">\n\n\t\t\t\t\t\t\t\t\t\t\t\t\t<span class=\"elementor-accordion-icon elementor-accordion-icon-left\" aria-hidden=\"true\">\n\t\t\t\t\t\t\t\t\t\t\t\t\t\t\t<span class=\"elementor-accordion-icon-closed\"><i class=\"fas fa-chevron-down\"><\/i><\/span>\n\t\t\t\t\t\t\t\t\t\t\t\t\t\t\t\t\t<span class=\"elementor-accordion-icon-opened\"><i class=\"fas fa-chevron-up\"><\/i><\/span>\n\t\t\t\t\t\t\t\t\t\t\t\t\t\t\t\t\t\t\t\t\t\t<\/span>\n\t\t\t\t\t\t\t\t\t\t\t\t\t\t\t\t\t\t<a class=\"elementor-accordion-title\" href=\"\">Storage<\/a>\n\t\t\t\t\t<\/h3>\n\t\t\t\t\t<div id=\"elementor-tab-content-4936\" class=\"elementor-tab-content elementor-clearfix\" data-tab=\"6\" role=\"tabpanel\" aria-labelledby=\"elementor-tab-title-4936\"><ul>\n<li>Store in the dark and at room temperature.<\/li>\n<li> Valid until 02.2027<\/li>\n<\/ul>\n<\/div>\n\t\t\t\t<\/div>\n\t\t\t\t\t<\/div>\n\t\t\t\t\t\t<\/div>\n\t\t\t\t<\/div>\n\t\t\t\t<div class=\"elementor-element elementor-element-8b76d92 elementor-hidden-desktop elementor-hidden-tablet elementor-hidden-mobile elementor-widget elementor-widget-image\" data-id=\"8b76d92\" data-element_type=\"widget\" data-e-type=\"widget\" data-widget_type=\"image.default\">\n\t\t\t\t<div class=\"elementor-widget-container\">\n\t\t\t\t\t\t\t\t\t\t\t\t\t\t\t<img fetchpriority=\"high\" decoding=\"async\" width=\"601\" height=\"800\" src=\"https:\/\/zennative.ee\/wp-content\/uploads\/2021\/10\/Zen-Native-5-Full-Spectrum-CBD-Oil-Taisspektri-CBD-kanepi-oli_2.png\" class=\"attachment-large size-large wp-image-40774\" alt=\"cbd \u00f5li\" srcset=\"https:\/\/zennative.ee\/wp-content\/uploads\/2021\/10\/Zen-Native-5-Full-Spectrum-CBD-Oil-Taisspektri-CBD-kanepi-oli_2.png 601w, https:\/\/zennative.ee\/wp-content\/uploads\/2021\/10\/Zen-Native-5-Full-Spectrum-CBD-Oil-Taisspektri-CBD-kanepi-oli_2-225x300.png 225w\" sizes=\"(max-width: 601px) 100vw, 601px\" \/>\t\t\t\t\t\t\t\t\t\t\t\t\t\t\t<\/div>\n\t\t\t\t<\/div>\n\t\t\t\t<div class=\"elementor-element elementor-element-08122ab elementor-widget elementor-widget-shortcode\" data-id=\"08122ab\" data-element_type=\"widget\" data-e-type=\"widget\" data-widget_type=\"shortcode.default\">\n\t\t\t\t<div class=\"elementor-widget-container\">\n\t\t\t\t\t\t\t<div class=\"elementor-shortcode\"> <script type=\"application\/ld+json\">\n    {\n      \"@context\": \"https:\/\/lt.zennative.ee\/\u201c,\n      \"@type\": \"Product\",\n      \"name\": \u201cFull \u201cSpectrum CBD oil,\n      \"image\": [\n        \"https:\/\/lt.zennative.ee\/wp-content\/uploads\/2021\/10\/Zen-Native-5-Full-Spectrum-CBD-Oil-Taisspektri-CBD-kanepi-oli_1.png\",\n        \"https:\/\/lt.zennative.ee\/wp-content\/uploads\/2021\/10\/Zen-Native-Pipett-Full-Spectrum-CBD-Oil-Taisspektri-CBD-kanepi-oli.png\",\n        \"https:\/\/lt.zennative.ee\/wp-content\/uploads\/2021\/10\/Zen-Native-5-Full-Spectrum-CBD-Oil-Taisspektri-CBD-kanepi-oli_3.png\"\n       ],\n      \"description\": \"Full Spectrum CBD \u00f5li annab tugevama ja laiema abi kui CBD Kristall \u00d5li ning selle toime on tuntav. Full Spectrum CBD \u00f5li rahustab viha, \u00e4revuse, ebakindluse ja v\u00e4hendab hirmu. F\u00fc\u00fcsiliselt v\u00e4hendab p\u00f5letikku, pingeid ja v\u00e4hki. Full Spectrum CBD \u00f5li sisaldab: k\u00f5iki kannabinoide (CBD, CBG, CBC, CBN...), terpeene ja flavanoide. Kvaliteetseimad ekstraktid on eranditult lahustatud kookose MCT \u00f5lis.\",\n      \"sku\": \"0446310786\",\n      \"brand\": {\n        \"@type\": \"Brand\",\n        \"name\": \u201cZen \u201cNative\n      },\n         \"aggregateRating\": {\n        \"@type\": \"AggregateRating\",\n        \"ratingValue\": \u201c5\u201d,\n        \"reviewCount\": \"89\"\n      },\n      \"offers\": {\n        \"@type\": \"Offer\",\n        \"url\": \"\t\",\n        \"priceCurrency\": \u201cEUR\u201d,\n        \"price\": \"129.99\",\n        \"priceValidUntil\": \"2022-11-20\",\n      }\n    }\n    <\/script><\/div>\n\t\t\t\t\t\t<\/div>\n\t\t\t\t<\/div>\n\t\t\t\t\t<\/div>\n\t\t<\/div>\n\t\t\t\t\t<\/div>\n\t\t<\/section>\n\t\t\t\t<\/div>\n\t\t","protected":false},"excerpt":{"rendered":"<p data-start=\"67\" data-end=\"336\">These capsules, designed for morning use, provide you with essential fat-soluble vitamins and CBD. Support your <strong data-start=\"186\" data-end=\"227\">heart, blood vessels, bones, and immunity<\/strong> with one simple capsule! They also help <strong data-start=\"269\" data-end=\"333\">maintain vision, increase energy, and reduce stress<\/strong> .<\/p>\n<p data-start=\"338\" data-end=\"476\" data-is-last-node=\"\"><strong data-start=\"338\" data-end=\"374\">One premium capsule a day<\/strong> provides the Nordic person with the necessary nutrients, giving <strong data-start=\"429\" data-end=\"462\">good energy and a calm mind<\/strong> for the whole day.<\/p>\n","protected":false},"featured_media":55563,"comment_status":"closed","ping_status":"closed","template":"","meta":[],"product_brand":[],"product_cat":[703],"product_tag":[704,583,601,705,600,706],"class_list":{"0":"post-55547","1":"product","2":"type-product","3":"status-publish","4":"has-post-thumbnail","6":"product_cat-cbd-capsules","7":"product_tag-cannabis-drops","8":"product_tag-cbd-2","9":"product_tag-cbd-cannabis-oil","10":"product_tag-cbd-capsules","11":"product_tag-mct-2","12":"product_tag-vitamins","14":"first","15":"instock","16":"shipping-taxable","17":"purchasable","18":"product-type-simple"},"_links":{"self":[{"href":"https:\/\/zennative.ee\/en\/wp-json\/wp\/v2\/product\/55547","targetHints":{"allow":["GET"]}}],"collection":[{"href":"https:\/\/zennative.ee\/en\/wp-json\/wp\/v2\/product"}],"about":[{"href":"https:\/\/zennative.ee\/en\/wp-json\/wp\/v2\/types\/product"}],"replies":[{"embeddable":true,"href":"https:\/\/zennative.ee\/en\/wp-json\/wp\/v2\/comments?post=55547"}],"version-history":[{"count":3,"href":"https:\/\/zennative.ee\/en\/wp-json\/wp\/v2\/product\/55547\/revisions"}],"predecessor-version":[{"id":55661,"href":"https:\/\/zennative.ee\/en\/wp-json\/wp\/v2\/product\/55547\/revisions\/55661"}],"wp:featuredmedia":[{"embeddable":true,"href":"https:\/\/zennative.ee\/en\/wp-json\/wp\/v2\/media\/55563"}],"wp:attachment":[{"href":"https:\/\/zennative.ee\/en\/wp-json\/wp\/v2\/media?parent=55547"}],"wp:term":[{"taxonomy":"product_brand","embeddable":true,"href":"https:\/\/zennative.ee\/en\/wp-json\/wp\/v2\/product_brand?post=55547"},{"taxonomy":"product_cat","embeddable":true,"href":"https:\/\/zennative.ee\/en\/wp-json\/wp\/v2\/product_cat?post=55547"},{"taxonomy":"product_tag","embeddable":true,"href":"https:\/\/zennative.ee\/en\/wp-json\/wp\/v2\/product_tag?post=55547"}],"curies":[{"name":"wp","href":"https:\/\/api.w.org\/{rel}","templated":true}]}}