{"id":56231,"date":"2025-04-07T08:00:31","date_gmt":"2025-04-04T12:35:32","guid":{"rendered":"https:\/\/zennative.ee\/?post_type=product&#038;p=56231"},"modified":"2025-04-09T19:07:53","modified_gmt":"2025-04-09T17:07:53","slug":"%d0%b2%d0%b8%d1%82%d0%b0%d0%bc%d0%b8%d0%bd-%d0%ba%d0%b1%d0%b4-%d0%ba%d0%b0%d0%bf%d1%81%d1%83%d0%bb%d1%8b-2100-%d0%bc%d0%b3-%d0%bf%d0%be%d0%bb%d0%bd%d1%8b%d0%b9-%d1%81%d0%bf%d0%b5%d0%ba%d1%82%d1%80","status":"publish","type":"product","link":"https:\/\/zennative.ee\/ru\/product\/%d0%b2%d0%b8%d1%82%d0%b0%d0%bc%d0%b8%d0%bd-%d0%ba%d0%b1%d0%b4-%d0%ba%d0%b0%d0%bf%d1%81%d1%83%d0%bb%d1%8b-2100-%d0%bc%d0%b3-%d0%bf%d0%be%d0%bb%d0%bd%d1%8b%d0%b9-%d1%81%d0%bf%d0%b5%d0%ba%d1%82%d1%80\/","title":{"rendered":"\u0412\u0438\u0442\u0430\u043c\u0438\u043d+ \u041a\u0411\u0414 \u043a\u0430\u043f\u0441\u0443\u043b\u044b 2100 \u043c\u0433 + \u041f\u043e\u043b\u043d\u044b\u0439 \u0441\u043f\u0435\u043a\u0442\u0440 15% \u041a\u0411\u0414 1500 \u043c\u0433"},"content":{"rendered":"\t\t<div data-elementor-type=\"product-post\" data-elementor-id=\"56231\" class=\"elementor elementor-56231 elementor-56227\" data-elementor-post-type=\"product\">\n\t\t\t\t\t\t<section class=\"elementor-section elementor-top-section elementor-element elementor-element-4c104f4 elementor-section-boxed elementor-section-height-default elementor-section-height-default\" data-id=\"4c104f4\" data-element_type=\"section\" data-e-type=\"section\">\n\t\t\t\t\t\t<div class=\"elementor-container elementor-column-gap-wide\">\n\t\t\t\t\t<div class=\"elementor-column elementor-col-100 elementor-top-column elementor-element elementor-element-93cefb6\" data-id=\"93cefb6\" data-element_type=\"column\" data-e-type=\"column\">\n\t\t\t<div class=\"elementor-widget-wrap elementor-element-populated\">\n\t\t\t\t\t\t<div class=\"elementor-element elementor-element-6995fa3 elementor-widget elementor-widget-text-editor\" data-id=\"6995fa3\" data-element_type=\"widget\" data-e-type=\"widget\" data-widget_type=\"text-editor.default\">\n\t\t\t\t<div class=\"elementor-widget-container\">\n\t\t\t\t\t\t\t\t\t<p><strong>\u041d\u041e\u0412\u042b\u0419 30-\u0434\u043d\u0435\u0432\u043d\u044b\u0439 \u043f\u0430\u043a\u0435\u0442 \u043f\u0440\u043e\u0434\u0443\u043a\u0442\u043e\u0432, \u043a\u043e\u0442\u043e\u0440\u044b\u0439 \u043f\u043e\u043c\u043e\u0436\u0435\u0442 \u0432\u0430\u043c \u0441\u043e\u0437\u0434\u0430\u0442\u044c \u043d\u0435\u043e\u0431\u0445\u043e\u0434\u0438\u043c\u044b\u0439 \u0435\u0436\u0435\u0434\u043d\u0435\u0432\u043d\u044b\u0439 \u0440\u0435\u0436\u0438\u043c \u0434\u043b\u044f \u0437\u0430\u0431\u043e\u0442\u044b \u043e \u0441\u0432\u043e\u0435\u043c \u0437\u0434\u043e\u0440\u043e\u0432\u044c\u0435.<\/strong><\/p>\n<p> <strong>\u0414\u043b\u044f \u0443\u0442\u0440\u0430<\/strong> \u043c\u044b \u0441\u043e\u0437\u0434\u0430\u043b\u0438 \u0437\u0430\u043c\u0435\u0447\u0430\u0442\u0435\u043b\u044c\u043d\u044b\u0435 \u043a\u0430\u043f\u0441\u0443\u043b\u044b <a href=\"https:\/\/zennative.ee\/tooted\/\" target=\"_blank\" rel=\"noopener\">Vitamin+ CBD<\/a> (30 \u0448\u0442\u0443\u043a). \u0422\u043e\u0447\u043d\u0435\u0435, \u0438\u0434\u0435\u044f \u0437\u0430\u043a\u043b\u044e\u0447\u0430\u043b\u0430\u0441\u044c \u0432 \u0442\u043e\u043c, \u0447\u0442\u043e \u0434\u043e\u0441\u0442\u0430\u0442\u043e\u0447\u043d\u043e \u0431\u0443\u0434\u0435\u0442 \u0432\u0441\u0435\u0433\u043e \u043e\u0434\u043d\u043e\u0439 \u0443\u0434\u043e\u0431\u043d\u043e\u0439 \u043c\u0430\u043b\u0435\u043d\u044c\u043a\u043e\u0439 \u043a\u0430\u043f\u0441\u0443\u043b\u044b! \u042d\u0442\u0430 \u0437\u0430\u043a\u0443\u0441\u043a\u0430 \u0441 \u0432\u0438\u0442\u0430\u043c\u0438\u043d\u0430\u043c\u0438 D3, E, K2 \u0438 A, \u043d\u0435\u043e\u0431\u0445\u043e\u0434\u0438\u043c\u044b\u043c\u0438 \u043c\u0438\u043a\u0440\u043e\u044d\u043b\u0435\u043c\u0435\u043d\u0442\u0430\u043c\u0438 \u0434\u043b\u044f \u0436\u0438\u0442\u0435\u043b\u0435\u0439 \u0421\u0435\u0432\u0435\u0440\u043d\u044b\u0445 \u0441\u0442\u0440\u0430\u043d, \u043e\u0431\u0435\u0441\u043f\u0435\u0447\u0438\u0442 \u0432\u0430\u043c \u0431\u043e\u0434\u0440\u043e\u0435 \u043d\u0430\u0447\u0430\u043b\u043e \u0434\u043d\u044f!<\/p>\n<p> <strong>\u0412\u0435\u0447\u0435\u0440\u043e\u043c<\/strong> \u043d\u0430\u0441\u0442\u0443\u043f\u0430\u0435\u0442 \u0432\u0440\u0435\u043c\u044f \u043f\u0440\u0438\u0439\u0442\u0438 \u0432 \u0441\u0435\u0431\u044f \u0438 \u043f\u043e\u0434\u0433\u043e\u0442\u043e\u0432\u0438\u0442\u044c\u0441\u044f \u043a \u0441\u0442\u043e\u043b\u044c \u043d\u0435\u043e\u0431\u0445\u043e\u0434\u0438\u043c\u043e\u043c\u0443 \u043f\u0443\u0442\u0435\u0448\u0435\u0441\u0442\u0432\u0438\u044e \u043a\u043e \u0441\u043d\u0443. \u041c\u0430\u0441\u043b\u043e <a href=\"https:\/\/zennative.ee\/tooted\/\" target=\"_blank\" rel=\"noopener\">Full Spectrum CBD, \u0438\u0437\u0433\u043e\u0442\u043e\u0432\u043b\u0435\u043d\u043d\u043e\u0435 \u0438\u0437 \u043d\u0430\u0448\u0435\u0433\u043e \u0437\u043d\u0430\u043c\u0435\u043d\u0438\u0442\u043e\u0433\u043e \u044d\u043a\u0441\u0442\u0440\u0430\u043a\u0442\u0430 \u0446\u0432\u0435\u0442\u043a\u043e\u0432 \u043a\u043e\u043d\u043e\u043f\u043b\u0438,<\/a> <strong>\u0440\u0430\u0437\u0440\u0430\u0431\u043e\u0442\u0430\u043d\u043e \u0441\u043f\u0435\u0446\u0438\u0430\u043b\u044c\u043d\u043e \u0434\u043b\u044f \u0440\u0435\u043b\u0430\u043a\u0441\u0430\u0446\u0438\u0438 \u0438 \u0432\u043e\u0441\u0441\u0442\u0430\u043d\u043e\u0432\u043b\u0435\u043d\u0438\u044f<\/strong> .<\/p>\n\t\t\t\t\t\t\t\t<\/div>\n\t\t\t\t<\/div>\n\t\t\t\t\t<\/div>\n\t\t<\/div>\n\t\t\t\t\t<\/div>\n\t\t<\/section>\n\t\t\t\t<section class=\"elementor-section elementor-top-section elementor-element elementor-element-4aa086c elementor-section-boxed elementor-section-height-default elementor-section-height-default\" data-id=\"4aa086c\" data-element_type=\"section\" data-e-type=\"section\">\n\t\t\t\t\t\t<div class=\"elementor-container elementor-column-gap-default\">\n\t\t\t\t\t<div class=\"elementor-column elementor-col-100 elementor-top-column elementor-element elementor-element-397a537\" data-id=\"397a537\" data-element_type=\"column\" data-e-type=\"column\">\n\t\t\t<div class=\"elementor-widget-wrap elementor-element-populated\">\n\t\t\t\t\t\t<div class=\"elementor-element elementor-element-2f08d37 elementor-widget elementor-widget-the7-accordion\" data-id=\"2f08d37\" data-element_type=\"widget\" data-e-type=\"widget\" data-widget_type=\"the7-accordion.default\">\n\t\t\t\t<div class=\"elementor-widget-container\">\n\t\t\t\t\t\t\t<div class=\"elementor-accordion the7-adv-accordion ac_bb_title ac_bb_active_title ac_top_bottom_borders ac_left_right_borders\" data-accordion-type=\"toggle\" role=\"tablist\">\n\t\t\t\t\t\t\t<div class=\"elementor-accordion-item\">\n\t\t\t\t\t<h3 id=\"elementor-tab-title-4931\" class=\"elementor-tab-title the7-accordion-header deactive-default\" data-tab=\"1\" role=\"tab\" aria-controls=\"elementor-tab-content-4931\">\n\n\t\t\t\t\t\t\t\t\t\t\t\t\t<span class=\"elementor-accordion-icon elementor-accordion-icon-left\" aria-hidden=\"true\">\n\t\t\t\t\t\t\t\t\t\t\t\t\t\t\t<span class=\"elementor-accordion-icon-closed\"><i class=\"fas fa-chevron-down\"><\/i><\/span>\n\t\t\t\t\t\t\t\t\t\t\t\t\t\t\t\t\t<span class=\"elementor-accordion-icon-opened\"><i class=\"fas fa-chevron-up\"><\/i><\/span>\n\t\t\t\t\t\t\t\t\t\t\t\t\t\t\t\t\t\t\t\t\t\t<\/span>\n\t\t\t\t\t\t\t\t\t\t\t\t\t\t\t\t\t\t<a class=\"elementor-accordion-title\" href=\"\">\u0418\u0434\u0435\u044f<\/a>\n\t\t\t\t\t<\/h3>\n\t\t\t\t\t<div id=\"elementor-tab-content-4931\" class=\"elementor-tab-content elementor-clearfix deactive-default\" data-tab=\"1\" role=\"tabpanel\" aria-labelledby=\"elementor-tab-title-4931\"><p>\u042d\u0442\u043e\u0442 30-\u0434\u043d\u0435\u0432\u043d\u044b\u0439 \u043d\u0430\u0431\u043e\u0440 \u043f\u0440\u043e\u0434\u0443\u043a\u0442\u043e\u0432, \u043a\u043e\u0442\u043e\u0440\u044b\u0439 \u043e\u0431\u044b\u0447\u043d\u043e \u0441\u0442\u043e\u0438\u0442 158 \u0435\u0432\u0440\u043e, \u2014 \u043d\u0430\u0448\u0430 \u043c\u0430\u043b\u0435\u043d\u044c\u043a\u0430\u044f \u043f\u043e\u043c\u043e\u0449\u044c, \u043a\u043e\u0442\u043e\u0440\u0430\u044f \u043f\u043e\u043c\u043e\u0436\u0435\u0442 \u0432\u0430\u043c <strong>\u0438\u043d\u0432\u0435\u0441\u0442\u0438\u0440\u043e\u0432\u0430\u0442\u044c \u0432 \u0441\u0435\u0431\u044f \u0438 \u0440\u0435\u0433\u0443\u043b\u044f\u0440\u043d\u043e \u0437\u0430\u0431\u043e\u0442\u0438\u0442\u044c\u0441\u044f \u043e \u0441\u0432\u043e\u0435\u043c \u0437\u0434\u043e\u0440\u043e\u0432\u044c\u0435.<\/strong><\/p>\n<\/div>\n\t\t\t\t<\/div>\n\t\t\t\t\t\t\t<div class=\"elementor-accordion-item\">\n\t\t\t\t\t<h3 id=\"elementor-tab-title-4932\" class=\"elementor-tab-title the7-accordion-header\" data-tab=\"2\" role=\"tab\" aria-controls=\"elementor-tab-content-4932\">\n\n\t\t\t\t\t\t\t\t\t\t\t\t\t<span class=\"elementor-accordion-icon elementor-accordion-icon-left\" aria-hidden=\"true\">\n\t\t\t\t\t\t\t\t\t\t\t\t\t\t\t<span class=\"elementor-accordion-icon-closed\"><i class=\"fas fa-chevron-down\"><\/i><\/span>\n\t\t\t\t\t\t\t\t\t\t\t\t\t\t\t\t\t<span class=\"elementor-accordion-icon-opened\"><i class=\"fas fa-chevron-up\"><\/i><\/span>\n\t\t\t\t\t\t\t\t\t\t\t\t\t\t\t\t\t\t\t\t\t\t<\/span>\n\t\t\t\t\t\t\t\t\t\t\t\t\t\t\t\t\t\t<a class=\"elementor-accordion-title\" href=\"\">\u0421\u043e\u0434\u0435\u0440\u0436\u0430\u043d\u0438\u0435<\/a>\n\t\t\t\t\t<\/h3>\n\t\t\t\t\t<div id=\"elementor-tab-content-4932\" class=\"elementor-tab-content elementor-clearfix\" data-tab=\"2\" role=\"tabpanel\" aria-labelledby=\"elementor-tab-title-4932\"><ul>\n<li>\n<p>\u041a\u0430\u043f\u0441\u0443\u043b\u044b Vitamin+ CBD 30 \u0448\u0442. (2100 \u043c\u0433 CBD)<\/p>\n<\/li>\n<li>\n<p> \u041c\u0430\u0441\u043b\u043e \u041a\u0411\u0414 \u043f\u043e\u043b\u043d\u043e\u0433\u043e \u0441\u043f\u0435\u043a\u0442\u0440\u0430 15% (3000 \u043c\u0433 \u041a\u0411\u0414)<\/p>\n<\/li>\n<\/ul>\n<\/div>\n\t\t\t\t<\/div>\n\t\t\t\t\t\t\t<div class=\"elementor-accordion-item\">\n\t\t\t\t\t<h3 id=\"elementor-tab-title-4933\" class=\"elementor-tab-title the7-accordion-header\" data-tab=\"3\" role=\"tab\" aria-controls=\"elementor-tab-content-4933\">\n\n\t\t\t\t\t\t\t\t\t\t\t\t\t<span class=\"elementor-accordion-icon elementor-accordion-icon-left\" aria-hidden=\"true\">\n\t\t\t\t\t\t\t\t\t\t\t\t\t\t\t<span class=\"elementor-accordion-icon-closed\"><i class=\"fas fa-chevron-down\"><\/i><\/span>\n\t\t\t\t\t\t\t\t\t\t\t\t\t\t\t\t\t<span class=\"elementor-accordion-icon-opened\"><i class=\"fas fa-chevron-up\"><\/i><\/span>\n\t\t\t\t\t\t\t\t\t\t\t\t\t\t\t\t\t\t\t\t\t\t<\/span>\n\t\t\t\t\t\t\t\t\t\t\t\t\t\t\t\t\t\t<a class=\"elementor-accordion-title\" href=\"\">\u0410\u0434\u043c\u0438\u043d\u0438\u0441\u0442\u0440\u0430\u0446\u0438\u044f<\/a>\n\t\t\t\t\t<\/h3>\n\t\t\t\t\t<div id=\"elementor-tab-content-4933\" class=\"elementor-tab-content elementor-clearfix\" data-tab=\"3\" role=\"tabpanel\" aria-labelledby=\"elementor-tab-title-4933\"><p>\u041f\u043e 1 \u043a\u0430\u043f\u0441\u0443\u043b\u0435 \u0432 \u0434\u0435\u043d\u044c \u0441 \u0435\u0434\u043e\u0439 \u0438 \u0432\u043e\u0434\u043e\u0439. \u0416\u0435\u043b\u0430\u0442\u0435\u043b\u044c\u043d\u043e \u0443\u0442\u0440\u043e\u043c.<\/p>\n<p> 1 \u043a\u0430\u043f\u043b\u044f \u043c\u0430\u0441\u043b\u0430 \u043d\u0430 7,5 \u043a\u0433 \u0432\u0435\u0441\u0430 \u0442\u0435\u043b\u0430. \u0420\u0435\u043a\u043e\u043c\u0435\u043d\u0434\u0443\u0435\u0442\u0441\u044f \u043f\u0440\u0438\u043d\u0438\u043c\u0430\u0442\u044c \u0432\u0435\u0447\u0435\u0440\u043e\u043c \u0437\u0430 \u043f\u043e\u043b\u0447\u0430\u0441\u0430 \u0434\u043e \u0441\u043d\u0430.<\/p>\n<\/div>\n\t\t\t\t<\/div>\n\t\t\t\t\t\t\t<div class=\"elementor-accordion-item\">\n\t\t\t\t\t<h3 id=\"elementor-tab-title-4934\" class=\"elementor-tab-title the7-accordion-header\" data-tab=\"4\" role=\"tab\" aria-controls=\"elementor-tab-content-4934\">\n\n\t\t\t\t\t\t\t\t\t\t\t\t\t<span class=\"elementor-accordion-icon elementor-accordion-icon-left\" aria-hidden=\"true\">\n\t\t\t\t\t\t\t\t\t\t\t\t\t\t\t<span class=\"elementor-accordion-icon-closed\"><i class=\"fas fa-chevron-down\"><\/i><\/span>\n\t\t\t\t\t\t\t\t\t\t\t\t\t\t\t\t\t<span class=\"elementor-accordion-icon-opened\"><i class=\"fas fa-chevron-up\"><\/i><\/span>\n\t\t\t\t\t\t\t\t\t\t\t\t\t\t\t\t\t\t\t\t\t\t<\/span>\n\t\t\t\t\t\t\t\t\t\t\t\t\t\t\t\t\t\t<a class=\"elementor-accordion-title\" href=\"\">\u041f\u0440\u0435\u0434\u0443\u043f\u0440\u0435\u0436\u0434\u0435\u043d\u0438\u044f<\/a>\n\t\t\t\t\t<\/h3>\n\t\t\t\t\t<div id=\"elementor-tab-content-4934\" class=\"elementor-tab-content elementor-clearfix\" data-tab=\"4\" role=\"tabpanel\" aria-labelledby=\"elementor-tab-title-4934\"><p>\u041d\u0435 \u0440\u0435\u043a\u043e\u043c\u0435\u043d\u0434\u0443\u0435\u0442\u0441\u044f \u0434\u043b\u044f \u043d\u0435\u0441\u043e\u0432\u0435\u0440\u0448\u0435\u043d\u043d\u043e\u043b\u0435\u0442\u043d\u0438\u0445.<\/p>\n<p> \u041f\u0440\u0438\u043c\u0435\u043d\u0435\u043d\u0438\u0435 \u0432\u043e \u0432\u0440\u0435\u043c\u044f \u0431\u0435\u0440\u0435\u043c\u0435\u043d\u043d\u043e\u0441\u0442\u0438 \u043d\u0435 \u0440\u0435\u043a\u043e\u043c\u0435\u043d\u0434\u0443\u0435\u0442\u0441\u044f.<\/p>\n<p> \u041d\u0435 \u043f\u0440\u0435\u0432\u044b\u0448\u0430\u0439\u0442\u0435 \u0440\u0435\u043a\u043e\u043c\u0435\u043d\u0434\u0443\u0435\u043c\u0443\u044e \u0441\u0443\u0442\u043e\u0447\u043d\u0443\u044e \u0434\u043e\u0437\u0443.<\/p>\n<p> \u041f\u0438\u0449\u0435\u0432\u0430\u044f \u0434\u043e\u0431\u0430\u0432\u043a\u0430 \u043d\u0435 \u0438\u0441\u043f\u043e\u043b\u044c\u0437\u0443\u0435\u0442\u0441\u044f \u0432 \u043a\u0430\u0447\u0435\u0441\u0442\u0432\u0435 \u0437\u0430\u043c\u0435\u043d\u044b \u0440\u0430\u0437\u043d\u043e\u043e\u0431\u0440\u0430\u0437\u043d\u043e\u0433\u043e \u043f\u0438\u0442\u0430\u043d\u0438\u044f.<\/p>\n<p> \u0425\u0440\u0430\u043d\u0438\u0442\u044c \u0432 \u043d\u0435\u0434\u043e\u0441\u0442\u0443\u043f\u043d\u043e\u043c \u0434\u043b\u044f \u0434\u0435\u0442\u0435\u0439 \u043c\u0435\u0441\u0442\u0435.<\/p>\n<\/div>\n\t\t\t\t<\/div>\n\t\t\t\t\t\t\t<div class=\"elementor-accordion-item\">\n\t\t\t\t\t<h3 id=\"elementor-tab-title-4935\" class=\"elementor-tab-title the7-accordion-header\" data-tab=\"5\" role=\"tab\" aria-controls=\"elementor-tab-content-4935\">\n\n\t\t\t\t\t\t\t\t\t\t\t\t\t<span class=\"elementor-accordion-icon elementor-accordion-icon-left\" aria-hidden=\"true\">\n\t\t\t\t\t\t\t\t\t\t\t\t\t\t\t<span class=\"elementor-accordion-icon-closed\"><i class=\"fas fa-chevron-down\"><\/i><\/span>\n\t\t\t\t\t\t\t\t\t\t\t\t\t\t\t\t\t<span class=\"elementor-accordion-icon-opened\"><i class=\"fas fa-chevron-up\"><\/i><\/span>\n\t\t\t\t\t\t\t\t\t\t\t\t\t\t\t\t\t\t\t\t\t\t<\/span>\n\t\t\t\t\t\t\t\t\t\t\t\t\t\t\t\t\t\t<a class=\"elementor-accordion-title\" href=\"\">\u041f\u043e\u0434\u0433\u043e\u0442\u043e\u0432\u043a\u0430<\/a>\n\t\t\t\t\t<\/h3>\n\t\t\t\t\t<div id=\"elementor-tab-content-4935\" class=\"elementor-tab-content elementor-clearfix\" data-tab=\"5\" role=\"tabpanel\" aria-labelledby=\"elementor-tab-title-4935\"><p><strong>\u041a\u0430\u043f\u0441\u0443\u043b\u044b<\/strong> \u043f\u0440\u043e\u0438\u0437\u0432\u043e\u0434\u044f\u0442\u0441\u044f \u043f\u043e \u0437\u0430\u043a\u0430\u0437\u0443 Zen Native \u0432 \u0435\u0432\u0440\u043e\u043f\u0435\u0439\u0441\u043a\u043e\u0439 \u043b\u0430\u0431\u043e\u0440\u0430\u0442\u043e\u0440\u0438\u0438. \u0423\u043f\u0430\u043a\u043e\u0432\u0430\u043d\u043e \u0432 \u042d\u0441\u0442\u043e\u043d\u0438\u0438. \u041c\u0430\u0441\u043b\u043e <strong>Full Spectrum CBD<\/strong> \u043f\u0440\u043e\u0438\u0437\u0432\u043e\u0434\u0438\u0442\u0441\u044f \u0438\u0437 \u044d\u043a\u0441\u0442\u0440\u0430\u043a\u0442\u0430 \u043a\u043e\u043d\u043e\u043f\u043b\u0438 \u0432\u044b\u0441\u043e\u0447\u0430\u0439\u0448\u0435\u0433\u043e \u043a\u0430\u0447\u0435\u0441\u0442\u0432\u0430, \u043a\u043e\u0442\u043e\u0440\u044b\u0439 \u0440\u0430\u0437\u0431\u0430\u0432\u043b\u044f\u0435\u0442\u0441\u044f \u043a\u043e\u043a\u043e\u0441\u043e\u0432\u044b\u043c \u043c\u0430\u0441\u043b\u043e\u043c MCT \u0438 \u043f\u0440\u0435\u043e\u0431\u0440\u0430\u0437\u0443\u0435\u0442\u0441\u044f \u0432 \u0437\u043d\u0430\u043c\u0435\u043d\u0438\u0442\u043e\u0435 \u043c\u0430\u0441\u043b\u043e Zen Native CBD.<\/p>\n<\/div>\n\t\t\t\t<\/div>\n\t\t\t\t\t\t\t<div class=\"elementor-accordion-item\">\n\t\t\t\t\t<h3 id=\"elementor-tab-title-4936\" class=\"elementor-tab-title the7-accordion-header\" data-tab=\"6\" role=\"tab\" aria-controls=\"elementor-tab-content-4936\">\n\n\t\t\t\t\t\t\t\t\t\t\t\t\t<span class=\"elementor-accordion-icon elementor-accordion-icon-left\" aria-hidden=\"true\">\n\t\t\t\t\t\t\t\t\t\t\t\t\t\t\t<span class=\"elementor-accordion-icon-closed\"><i class=\"fas fa-chevron-down\"><\/i><\/span>\n\t\t\t\t\t\t\t\t\t\t\t\t\t\t\t\t\t<span class=\"elementor-accordion-icon-opened\"><i class=\"fas fa-chevron-up\"><\/i><\/span>\n\t\t\t\t\t\t\t\t\t\t\t\t\t\t\t\t\t\t\t\t\t\t<\/span>\n\t\t\t\t\t\t\t\t\t\t\t\t\t\t\t\t\t\t<a class=\"elementor-accordion-title\" href=\"\">\u0425\u0440\u0430\u043d\u0438\u043b\u0438\u0449\u0435<\/a>\n\t\t\t\t\t<\/h3>\n\t\t\t\t\t<div id=\"elementor-tab-content-4936\" class=\"elementor-tab-content elementor-clearfix\" data-tab=\"6\" role=\"tabpanel\" aria-labelledby=\"elementor-tab-title-4936\"><ul>\n<li>\u0425\u0440\u0430\u043d\u0438\u0442\u044c \u0432 \u0442\u0435\u043c\u043d\u043e\u043c \u043c\u0435\u0441\u0442\u0435 \u043f\u0440\u0438 \u043a\u043e\u043c\u043d\u0430\u0442\u043d\u043e\u0439 \u0442\u0435\u043c\u043f\u0435\u0440\u0430\u0442\u0443\u0440\u0435.<\/li>\n<li> \u041a\u0430\u043f\u0441\u0443\u043b\u044b \u0431\u0443\u0434\u0443\u0442 \u0434\u0435\u0439\u0441\u0442\u0432\u043e\u0432\u0430\u0442\u044c \u0434\u043e 02.2027<\/li>\n<li> \u0421\u0440\u043e\u043a \u0433\u043e\u0434\u043d\u043e\u0441\u0442\u0438 \u043c\u0430\u0441\u043b\u0430 \u0441\u043e\u0441\u0442\u0430\u0432\u043b\u044f\u0435\u0442 1 \u0433\u043e\u0434 \u043f\u043e\u0441\u043b\u0435 \u043f\u0440\u043e\u0438\u0437\u0432\u043e\u0434\u0441\u0442\u0432\u0430.<\/li>\n<li> \u0427\u0442\u043e\u0431\u044b \u043b\u0443\u0447\u0448\u0435 \u0441\u043e\u0445\u0440\u0430\u043d\u0438\u0442\u044c \u043c\u0430\u0441\u043b\u043e, \u043d\u0435 \u043f\u0440\u0438\u043a\u0430\u0441\u0430\u0439\u0442\u0435\u0441\u044c \u043f\u0438\u043f\u0435\u0442\u043a\u043e\u0439 \u043a \u043a\u043e\u0436\u0435, \u044f\u0437\u044b\u043a\u0443 \u0438\u043b\u0438 \u0447\u0435\u043c\u0443-\u043b\u0438\u0431\u043e \u0435\u0449\u0435, \u0447\u0442\u043e\u0431\u044b \u043f\u0440\u0435\u0434\u043e\u0442\u0432\u0440\u0430\u0442\u0438\u0442\u044c \u043f\u043e\u043f\u0430\u0434\u0430\u043d\u0438\u0435 \u0431\u0430\u043a\u0442\u0435\u0440\u0438\u0439 \u0432\u043e \u0444\u043b\u0430\u043a\u043e\u043d.<\/li>\n<\/ul>\n<\/div>\n\t\t\t\t<\/div>\n\t\t\t\t\t<\/div>\n\t\t\t\t\t\t<\/div>\n\t\t\t\t<\/div>\n\t\t\t\t<div class=\"elementor-element elementor-element-8b76d92 elementor-hidden-desktop elementor-hidden-tablet elementor-hidden-mobile elementor-widget elementor-widget-image\" data-id=\"8b76d92\" data-element_type=\"widget\" data-e-type=\"widget\" data-widget_type=\"image.default\">\n\t\t\t\t<div class=\"elementor-widget-container\">\n\t\t\t\t\t\t\t\t\t\t\t\t\t\t\t<img fetchpriority=\"high\" decoding=\"async\" width=\"601\" height=\"800\" src=\"https:\/\/zennative.ee\/wp-content\/uploads\/2021\/10\/Zen-Native-5-Full-Spectrum-CBD-Oil-Taisspektri-CBD-kanepi-oli_2.png\" class=\"attachment-large size-large wp-image-46874\" alt=\"cbd \u00f5li\" srcset=\"https:\/\/zennative.ee\/wp-content\/uploads\/2021\/10\/Zen-Native-5-Full-Spectrum-CBD-Oil-Taisspektri-CBD-kanepi-oli_2.png 601w, https:\/\/zennative.ee\/wp-content\/uploads\/2021\/10\/Zen-Native-5-Full-Spectrum-CBD-Oil-Taisspektri-CBD-kanepi-oli_2-225x300.png 225w\" sizes=\"(max-width: 601px) 100vw, 601px\" \/>\t\t\t\t\t\t\t\t\t\t\t\t\t\t\t<\/div>\n\t\t\t\t<\/div>\n\t\t\t\t<div class=\"elementor-element elementor-element-08122ab elementor-widget elementor-widget-shortcode\" data-id=\"08122ab\" data-element_type=\"widget\" data-e-type=\"widget\" data-widget_type=\"shortcode.default\">\n\t\t\t\t<div class=\"elementor-widget-container\">\n\t\t\t\t\t\t\t<div class=\"elementor-shortcode\"> <script type=\"application\/ld+json\">\n    {\n      \"@context\": \"https:\/\/lt.zennative.ee\/\u201c,\n      \"@type\": \"Product\",\n      \"name\": \u201cFull \u201cSpectrum CBD oil,\n      \"image\": [\n        \"https:\/\/lt.zennative.ee\/wp-content\/uploads\/2021\/10\/Zen-Native-5-Full-Spectrum-CBD-Oil-Taisspektri-CBD-kanepi-oli_1.png\",\n        \"https:\/\/lt.zennative.ee\/wp-content\/uploads\/2021\/10\/Zen-Native-Pipett-Full-Spectrum-CBD-Oil-Taisspektri-CBD-kanepi-oli.png\",\n        \"https:\/\/lt.zennative.ee\/wp-content\/uploads\/2021\/10\/Zen-Native-5-Full-Spectrum-CBD-Oil-Taisspektri-CBD-kanepi-oli_3.png\"\n       ],\n      \"description\": \"Full Spectrum CBD \u00f5li annab tugevama ja laiema abi kui CBD Kristall \u00d5li ning selle toime on tuntav. Full Spectrum CBD \u00f5li rahustab viha, \u00e4revuse, ebakindluse ja v\u00e4hendab hirmu. F\u00fc\u00fcsiliselt v\u00e4hendab p\u00f5letikku, pingeid ja v\u00e4hki. Full Spectrum CBD \u00f5li sisaldab: k\u00f5iki kannabinoide (CBD, CBG, CBC, CBN...), terpeene ja flavanoide. Kvaliteetseimad ekstraktid on eranditult lahustatud kookose MCT \u00f5lis.\",\n      \"sku\": \"0446310786\",\n      \"brand\": {\n        \"@type\": \"Brand\",\n        \"name\": \u201cZen \u201cNative\n      },\n         \"aggregateRating\": {\n        \"@type\": \"AggregateRating\",\n        \"ratingValue\": \u201c5\u201d,\n        \"reviewCount\": \"89\"\n      },\n      \"offers\": {\n        \"@type\": \"Offer\",\n        \"url\": \"\t\",\n        \"priceCurrency\": \u201cEUR\u201d,\n        \"price\": \"129.99\",\n        \"priceValidUntil\": \"2022-11-20\",\n      }\n    }\n    <\/script><\/div>\n\t\t\t\t\t\t<\/div>\n\t\t\t\t<\/div>\n\t\t\t\t\t<\/div>\n\t\t<\/div>\n\t\t\t\t\t<\/div>\n\t\t<\/section>\n\t\t\t\t<\/div>\n\t\t","protected":false},"excerpt":{"rendered":"<p data-start=\"67\" data-end=\"336\">\u042d\u0442\u0438 \u043a\u0430\u043f\u0441\u0443\u043b\u044b, \u043f\u0440\u0435\u0434\u043d\u0430\u0437\u043d\u0430\u0447\u0435\u043d\u043d\u044b\u0435 \u0434\u043b\u044f \u043f\u0440\u0438\u0435\u043c\u0430 \u0443\u0442\u0440\u043e\u043c, \u0441\u043e\u0434\u0435\u0440\u0436\u0430\u0442 \u043d\u0435\u043e\u0431\u0445\u043e\u0434\u0438\u043c\u044b\u0435 \u0436\u0438\u0440\u043e\u0440\u0430\u0441\u0442\u0432\u043e\u0440\u0438\u043c\u044b\u0435 \u0432\u0438\u0442\u0430\u043c\u0438\u043d\u044b \u0438 \u041a\u0411\u0414. \u041f\u043e\u0434\u0434\u0435\u0440\u0436\u0438\u0442\u0435 \u0441\u0432\u043e\u0435 <strong data-start=\"186\" data-end=\"227\">\u0441\u0435\u0440\u0434\u0446\u0435, \u043a\u0440\u043e\u0432\u0435\u043d\u043e\u0441\u043d\u044b\u0435 \u0441\u043e\u0441\u0443\u0434\u044b, \u043a\u043e\u0441\u0442\u0438 \u0438 \u0438\u043c\u043c\u0443\u043d\u0438\u0442\u0435\u0442<\/strong> \u0441 \u043f\u043e\u043c\u043e\u0449\u044c\u044e \u043e\u0434\u043d\u043e\u0439 \u043f\u0440\u043e\u0441\u0442\u043e\u0439 \u043a\u0430\u043f\u0441\u0443\u043b\u044b! \u041a\u0440\u043e\u043c\u0435 \u0442\u043e\u0433\u043e, \u043e\u043d\u0438 \u043f\u043e\u043c\u043e\u0433\u0430\u044e\u0442 <strong data-start=\"269\" data-end=\"333\">\u0441\u043e\u0445\u0440\u0430\u043d\u0438\u0442\u044c \u0437\u0440\u0435\u043d\u0438\u0435, \u043f\u043e\u0432\u044b\u0441\u0438\u0442\u044c \u0443\u0440\u043e\u0432\u0435\u043d\u044c \u044d\u043d\u0435\u0440\u0433\u0438\u0438 \u0438 \u0441\u043d\u0438\u0437\u0438\u0442\u044c \u0443\u0440\u043e\u0432\u0435\u043d\u044c \u0441\u0442\u0440\u0435\u0441\u0441\u0430<\/strong> .<\/p>\n<p data-start=\"338\" data-end=\"476\" data-is-last-node=\"\"><strong data-start=\"338\" data-end=\"374\">\u041e\u0434\u043d\u0430 \u043a\u0430\u043f\u0441\u0443\u043b\u0430 \u043f\u0440\u0435\u043c\u0438\u0443\u043c-\u043a\u043b\u0430\u0441\u0441\u0430 \u0432 \u0434\u0435\u043d\u044c<\/strong> \u043e\u0431\u0435\u0441\u043f\u0435\u0447\u0438\u0432\u0430\u0435\u0442 \u0447\u0435\u043b\u043e\u0432\u0435\u043a\u0430 \u0441\u0435\u0432\u0435\u0440\u043d\u044b\u0445 \u0441\u0442\u0440\u0430\u043d \u043d\u0435\u043e\u0431\u0445\u043e\u0434\u0438\u043c\u044b\u043c\u0438 \u043f\u0438\u0442\u0430\u0442\u0435\u043b\u044c\u043d\u044b\u043c\u0438 \u0432\u0435\u0449\u0435\u0441\u0442\u0432\u0430\u043c\u0438, \u0434\u0430\u0440\u0438\u0442 <strong data-start=\"429\" data-end=\"462\">\u0437\u0430\u0440\u044f\u0434 \u044d\u043d\u0435\u0440\u0433\u0438\u0438 \u0438 \u0441\u043f\u043e\u043a\u043e\u0439\u0441\u0442\u0432\u0438\u0435<\/strong> \u043d\u0430 \u0432\u0435\u0441\u044c \u0434\u0435\u043d\u044c.<\/p>\n","protected":false},"featured_media":56905,"comment_status":"closed","ping_status":"closed","template":"","meta":[],"product_brand":[],"product_cat":[746,718],"product_tag":[653,658,657,659,729,728,719],"class_list":{"0":"post-56231","1":"product","2":"type-product","3":"status-publish","4":"has-post-thumbnail","6":"product_cat-746","7":"product_cat-718","8":"product_tag-cbd-ru","9":"product_tag-cbd-kanepioli-ru","10":"product_tag-mct-ru","11":"product_tag-terviseoli-ru","12":"product_tag-729","13":"product_tag--ru","14":"product_tag-719","16":"first","17":"instock","18":"sale","19":"shipping-taxable","20":"purchasable","21":"product-type-simple"},"_links":{"self":[{"href":"https:\/\/zennative.ee\/ru\/wp-json\/wp\/v2\/product\/56231","targetHints":{"allow":["GET"]}}],"collection":[{"href":"https:\/\/zennative.ee\/ru\/wp-json\/wp\/v2\/product"}],"about":[{"href":"https:\/\/zennative.ee\/ru\/wp-json\/wp\/v2\/types\/product"}],"replies":[{"embeddable":true,"href":"https:\/\/zennative.ee\/ru\/wp-json\/wp\/v2\/comments?post=56231"}],"version-history":[{"count":3,"href":"https:\/\/zennative.ee\/ru\/wp-json\/wp\/v2\/product\/56231\/revisions"}],"predecessor-version":[{"id":56310,"href":"https:\/\/zennative.ee\/ru\/wp-json\/wp\/v2\/product\/56231\/revisions\/56310"}],"wp:featuredmedia":[{"embeddable":true,"href":"https:\/\/zennative.ee\/ru\/wp-json\/wp\/v2\/media\/56905"}],"wp:attachment":[{"href":"https:\/\/zennative.ee\/ru\/wp-json\/wp\/v2\/media?parent=56231"}],"wp:term":[{"taxonomy":"product_brand","embeddable":true,"href":"https:\/\/zennative.ee\/ru\/wp-json\/wp\/v2\/product_brand?post=56231"},{"taxonomy":"product_cat","embeddable":true,"href":"https:\/\/zennative.ee\/ru\/wp-json\/wp\/v2\/product_cat?post=56231"},{"taxonomy":"product_tag","embeddable":true,"href":"https:\/\/zennative.ee\/ru\/wp-json\/wp\/v2\/product_tag?post=56231"}],"curies":[{"name":"wp","href":"https:\/\/api.w.org\/{rel}","templated":true}]}}